{"id":15445,"date":"2023-12-19T10:31:29","date_gmt":"2023-12-19T13:31:29","guid":{"rendered":"https:\/\/rednavegantes.com\/?page_id=15445"},"modified":"2024-12-09T11:11:36","modified_gmt":"2024-12-09T14:11:36","slug":"home-1-2","status":"publish","type":"page","link":"https:\/\/rednavegantes.com\/","title":{"rendered":"Portada"},"content":{"rendered":"\t\t<div data-elementor-type=\"wp-page\" data-elementor-id=\"15445\" class=\"elementor elementor-15445\">\n\t\t\t\t\t\t<div class=\"elementor-section elementor-top-section elementor-element elementor-element-7900425 elementor-section-stretched elementor-section-full_width elementor-section-height-full animated-slow elementor-section-height-default elementor-section-items-middle elementor-invisible\" data-id=\"7900425\" data-element_type=\"section\" data-e-type=\"section\" data-settings=\"{&quot;stretch_section&quot;:&quot;section-stretched&quot;,&quot;background_background&quot;:&quot;classic&quot;,&quot;animation&quot;:&quot;fadeIn&quot;,&quot;animation_delay&quot;:300}\">\n\t\t\t\t\t\t<div class=\"elementor-container elementor-column-gap-no\">\n\t\t\t\t\t<div class=\"elementor-column elementor-col-100 elementor-top-column elementor-element elementor-element-5f0390d\" data-id=\"5f0390d\" data-element_type=\"column\" data-e-type=\"column\">\n\t\t\t<div class=\"elementor-widget-wrap elementor-element-populated\">\n\t\t\t\t\t\t<div class=\"elementor-element elementor-element-0ec4f98 animated-slow elementor-invisible elementor-widget elementor-widget-image\" data-id=\"0ec4f98\" data-element_type=\"widget\" data-e-type=\"widget\" data-settings=\"{&quot;_animation&quot;:&quot;zoomIn&quot;,&quot;_animation_delay&quot;:300}\" data-widget_type=\"image.default\">\n\t\t\t\t<div class=\"elementor-widget-container\">\n\t\t\t\t\t\t\t\t\t\t\t\t\t\t\t<img decoding=\"async\" src=\"https:\/\/rednavegantes.com\/wp-content\/uploads\/elementor\/thumbs\/Finales-21-qvjug3uh5rf8sq7plaiyz40hjv2c0pnsznh08tgkim.png\" title=\"Finales-21\" alt=\"Finales-21\" loading=\"lazy\" \/>\t\t\t\t\t\t\t\t\t\t\t\t\t\t\t<\/div>\n\t\t\t\t<\/div>\n\t\t\t\t\t<\/div>\n\t\t<\/div>\n\t\t\t\t\t<\/div>\n\t\t<\/div>\n\t\t<div class=\"elementor-element elementor-element-796c039 e-flex e-con-boxed e-con e-parent\" data-id=\"796c039\" data-element_type=\"container\" data-e-type=\"container\">\n\t\t\t\t\t<div class=\"e-con-inner\">\n\t\t\t\t<div class=\"elementor-element elementor-element-d6b96d0 animated-slow elementor-invisible elementor-widget elementor-widget-heading\" data-id=\"d6b96d0\" data-element_type=\"widget\" data-e-type=\"widget\" data-settings=\"{&quot;_animation&quot;:&quot;fadeIn&quot;,&quot;_animation_delay&quot;:600}\" data-widget_type=\"heading.default\">\n\t\t\t\t<div class=\"elementor-widget-container\">\n\t\t\t\t\t<h4 class=\"elementor-heading-title elementor-size-default\">Abordamos nuestras causas con responsabilidad y compromiso, moldeamos nuestro cauce, \nadapt\u00e1ndonos, fluyendo con ellas y buscando siempre la mejor forma de llegar m\u00e1s lejos<\/h4>\t\t\t\t<\/div>\n\t\t\t\t<\/div>\n\t\t\t\t<div class=\"elementor-element elementor-element-1cbf14e elementor-widget elementor-widget-spacer\" data-id=\"1cbf14e\" data-element_type=\"widget\" data-e-type=\"widget\" data-widget_type=\"spacer.default\">\n\t\t\t\t<div class=\"elementor-widget-container\">\n\t\t\t\t\t\t\t<div class=\"elementor-spacer\">\n\t\t\t<div class=\"elementor-spacer-inner\"><\/div>\n\t\t<\/div>\n\t\t\t\t\t\t<\/div>\n\t\t\t\t<\/div>\n\t\t\t\t\t<\/div>\n\t\t\t\t<\/div>\n\t\t<div class=\"elementor-element elementor-element-6483155 e-flex e-con-boxed e-con e-parent\" data-id=\"6483155\" data-element_type=\"container\" data-e-type=\"container\">\n\t\t\t\t\t<div class=\"e-con-inner\">\n\t\t<div class=\"elementor-element elementor-element-68227c4 e-con-full e-flex e-con e-child\" data-id=\"68227c4\" data-element_type=\"container\" data-e-type=\"container\">\n\t\t\t\t<div class=\"elementor-element elementor-element-528b3a9 animated-slow elementor-invisible elementor-widget elementor-widget-counter\" data-id=\"528b3a9\" data-element_type=\"widget\" data-e-type=\"widget\" data-settings=\"{&quot;_animation&quot;:&quot;zoomIn&quot;,&quot;_animation_delay&quot;:200}\" data-widget_type=\"counter.default\">\n\t\t\t\t<div class=\"elementor-widget-container\">\n\t\t\t\t\t\t\t<div class=\"elementor-counter\">\n\t\t\t<div class=\"elementor-counter-title\">Donantes adquiridos <\/div>\t\t\t<div class=\"elementor-counter-number-wrapper\">\n\t\t\t\t<span class=\"elementor-counter-number-prefix\">+<\/span>\n\t\t\t\t<span class=\"elementor-counter-number\" data-duration=\"2000\" data-to-value=\"100\" data-from-value=\"0\" data-delimiter=\",\">0<\/span>\n\t\t\t\t<span class=\"elementor-counter-number-suffix\">k<\/span>\n\t\t\t<\/div>\n\t\t<\/div>\n\t\t\t\t\t\t<\/div>\n\t\t\t\t<\/div>\n\t\t\t\t<\/div>\n\t\t<div class=\"elementor-element elementor-element-8438a51 e-con-full e-flex e-con e-child\" data-id=\"8438a51\" data-element_type=\"container\" data-e-type=\"container\">\n\t\t\t\t<div class=\"elementor-element elementor-element-de1c881 animated-slow elementor-invisible elementor-widget elementor-widget-counter\" data-id=\"de1c881\" data-element_type=\"widget\" data-e-type=\"widget\" data-settings=\"{&quot;_animation&quot;:&quot;zoomIn&quot;,&quot;_animation_delay&quot;:200}\" data-widget_type=\"counter.default\">\n\t\t\t\t<div class=\"elementor-widget-container\">\n\t\t\t\t\t\t\t<div class=\"elementor-counter\">\n\t\t\t<div class=\"elementor-counter-title\">Fundraisers Activos<\/div>\t\t\t<div class=\"elementor-counter-number-wrapper\">\n\t\t\t\t<span class=\"elementor-counter-number-prefix\">+<\/span>\n\t\t\t\t<span class=\"elementor-counter-number\" data-duration=\"2000\" data-to-value=\"200\" data-from-value=\"0\" data-delimiter=\",\">0<\/span>\n\t\t\t\t<span class=\"elementor-counter-number-suffix\"><\/span>\n\t\t\t<\/div>\n\t\t<\/div>\n\t\t\t\t\t\t<\/div>\n\t\t\t\t<\/div>\n\t\t\t\t<\/div>\n\t\t<div class=\"elementor-element elementor-element-89e2c2c e-con-full e-flex e-con e-child\" data-id=\"89e2c2c\" data-element_type=\"container\" data-e-type=\"container\">\n\t\t\t\t<div class=\"elementor-element elementor-element-2ef5120 animated-slow elementor-invisible elementor-widget elementor-widget-counter\" data-id=\"2ef5120\" data-element_type=\"widget\" data-e-type=\"widget\" data-settings=\"{&quot;_animation&quot;:&quot;zoomIn&quot;,&quot;_animation_delay&quot;:200}\" data-widget_type=\"counter.default\">\n\t\t\t\t<div class=\"elementor-widget-container\">\n\t\t\t\t\t\t\t<div class=\"elementor-counter\">\n\t\t\t<div class=\"elementor-counter-title\">Campa\u00f1as en ejecuci\u00f3n<\/div>\t\t\t<div class=\"elementor-counter-number-wrapper\">\n\t\t\t\t<span class=\"elementor-counter-number-prefix\">+<\/span>\n\t\t\t\t<span class=\"elementor-counter-number\" data-duration=\"2000\" data-to-value=\"15\" data-from-value=\"0\" data-delimiter=\",\">0<\/span>\n\t\t\t\t<span class=\"elementor-counter-number-suffix\"><\/span>\n\t\t\t<\/div>\n\t\t<\/div>\n\t\t\t\t\t\t<\/div>\n\t\t\t\t<\/div>\n\t\t\t\t<\/div>\n\t\t\t\t\t<\/div>\n\t\t\t\t<\/div>\n\t\t<div class=\"elementor-element elementor-element-44f826c e-flex e-con-boxed e-con e-parent\" data-id=\"44f826c\" data-element_type=\"container\" data-e-type=\"container\" data-settings=\"{&quot;background_background&quot;:&quot;classic&quot;}\">\n\t\t\t\t\t<div class=\"e-con-inner\">\n\t\t<div class=\"elementor-element elementor-element-871a0d8 e-con-full e-flex e-con e-child\" data-id=\"871a0d8\" data-element_type=\"container\" data-e-type=\"container\">\n\t\t\t\t<div class=\"elementor-element elementor-element-a60e2e7 animated-fast elementor-invisible elementor-widget elementor-widget-heading\" data-id=\"a60e2e7\" data-element_type=\"widget\" data-e-type=\"widget\" data-settings=\"{&quot;_animation&quot;:&quot;slideInUp&quot;}\" data-widget_type=\"heading.default\">\n\t\t\t\t<div class=\"elementor-widget-container\">\n\t\t\t\t\t<h3 class=\"elementor-heading-title elementor-size-default\">\u201cSi hay magia en \neste planeta,\nest\u00e1 contenida\nen el agua\u201d<\/h3>\t\t\t\t<\/div>\n\t\t\t\t<\/div>\n\t\t\t\t<div class=\"elementor-element elementor-element-addcdce animated-slow elementor-invisible elementor-widget elementor-widget-heading\" data-id=\"addcdce\" data-element_type=\"widget\" data-e-type=\"widget\" data-settings=\"{&quot;_animation&quot;:&quot;fadeIn&quot;}\" data-widget_type=\"heading.default\">\n\t\t\t\t<div class=\"elementor-widget-container\">\n\t\t\t\t\t<h6 class=\"elementor-heading-title elementor-size-default\">Loran Eisely<\/h6>\t\t\t\t<\/div>\n\t\t\t\t<\/div>\n\t\t\t\t<\/div>\n\t\t<div class=\"elementor-element elementor-element-25e829c e-con-full e-flex e-con e-child\" data-id=\"25e829c\" data-element_type=\"container\" data-e-type=\"container\">\n\t\t\t\t<div class=\"elementor-element elementor-element-b4ac66e elementor-widget elementor-widget-spacer\" data-id=\"b4ac66e\" data-element_type=\"widget\" data-e-type=\"widget\" data-widget_type=\"spacer.default\">\n\t\t\t\t<div class=\"elementor-widget-container\">\n\t\t\t\t\t\t\t<div class=\"elementor-spacer\">\n\t\t\t<div class=\"elementor-spacer-inner\"><\/div>\n\t\t<\/div>\n\t\t\t\t\t\t<\/div>\n\t\t\t\t<\/div>\n\t\t\t\t<div class=\"elementor-element elementor-element-24cdb57 elementor-widget-tablet_extra__width-initial animated-slow elementor-invisible elementor-widget elementor-widget-text-editor\" data-id=\"24cdb57\" data-element_type=\"widget\" data-e-type=\"widget\" data-settings=\"{&quot;_animation&quot;:&quot;fadeIn&quot;,&quot;_animation_delay&quot;:500}\" data-widget_type=\"text-editor.default\">\n\t\t\t\t<div class=\"elementor-widget-container\">\n\t\t\t\t\t\t\t\t\t<p>Somos un grupo de personas apasionadas que se entrelazan como los r\u00edos, reunimos nuestra energ\u00eda para dar fuerza a las causas que representamos.<\/p><p>Constituimos una comunidad de fundraisers comprometidos, navegantes que creen en la posibilidad de un mundo mejor.<\/p><p>Aportamos creatividad, compromiso y convicci\u00f3n, buscamos generar un impacto positivo para transformar el mundo en el que queremos vivir.<\/p>\t\t\t\t\t\t\t\t<\/div>\n\t\t\t\t<\/div>\n\t\t\t\t<div class=\"elementor-element elementor-element-a957367 elementor-align-left elementor-invisible elementor-widget elementor-widget-button\" data-id=\"a957367\" data-element_type=\"widget\" data-e-type=\"widget\" data-settings=\"{&quot;_animation&quot;:&quot;bounceIn&quot;}\" data-widget_type=\"button.default\">\n\t\t\t\t<div class=\"elementor-widget-container\">\n\t\t\t\t\t\t\t\t\t<div class=\"elementor-button-wrapper\">\n\t\t\t\t\t<a class=\"elementor-button elementor-button-link elementor-size-sm\" href=\"#\">\n\t\t\t\t\t\t<span class=\"elementor-button-content-wrapper\">\n\t\t\t\t\t\t\t\t\t<span class=\"elementor-button-text\">Conocenos<\/span>\n\t\t\t\t\t<\/span>\n\t\t\t\t\t<\/a>\n\t\t\t\t<\/div>\n\t\t\t\t\t\t\t\t<\/div>\n\t\t\t\t<\/div>\n\t\t\t\t<div class=\"elementor-element elementor-element-6673129 elementor-widget elementor-widget-spacer\" data-id=\"6673129\" data-element_type=\"widget\" data-e-type=\"widget\" data-widget_type=\"spacer.default\">\n\t\t\t\t<div class=\"elementor-widget-container\">\n\t\t\t\t\t\t\t<div class=\"elementor-spacer\">\n\t\t\t<div class=\"elementor-spacer-inner\"><\/div>\n\t\t<\/div>\n\t\t\t\t\t\t<\/div>\n\t\t\t\t<\/div>\n\t\t\t\t<\/div>\n\t\t\t\t\t<\/div>\n\t\t\t\t<\/div>\n\t\t<div class=\"elementor-element elementor-element-d1fb552 animated-slow e-flex e-con-boxed elementor-invisible e-con e-parent\" data-id=\"d1fb552\" data-element_type=\"container\" data-e-type=\"container\" data-settings=\"{&quot;animation&quot;:&quot;fadeIn&quot;,&quot;animation_delay&quot;:600}\">\n\t\t\t\t\t<div class=\"e-con-inner\">\n\t\t<div class=\"elementor-element elementor-element-5ceb568 e-con-full e-flex e-con e-child\" data-id=\"5ceb568\" data-element_type=\"container\" data-e-type=\"container\" data-settings=\"{&quot;background_background&quot;:&quot;classic&quot;}\">\n\t\t\t\t<div class=\"elementor-element elementor-element-4146001 elementor-widget elementor-widget-image\" data-id=\"4146001\" data-element_type=\"widget\" data-e-type=\"widget\" data-widget_type=\"image.default\">\n\t\t\t\t<div class=\"elementor-widget-container\">\n\t\t\t\t\t\t\t\t\t\t\t\t\t\t\t<img decoding=\"async\" width=\"247\" height=\"138\" src=\"https:\/\/rednavegantes.com\/wp-content\/uploads\/2024\/10\/Prueba-proa-.png\" class=\"attachment-large size-large wp-image-16010\" alt=\"\" \/>\t\t\t\t\t\t\t\t\t\t\t\t\t\t\t<\/div>\n\t\t\t\t<\/div>\n\t\t\t\t<div class=\"elementor-element elementor-element-5954279 elementor-widget elementor-widget-image\" data-id=\"5954279\" data-element_type=\"widget\" data-e-type=\"widget\" data-widget_type=\"image.default\">\n\t\t\t\t<div class=\"elementor-widget-container\">\n\t\t\t\t\t\t\t\t\t\t\t\t\t\t\t<img decoding=\"async\" width=\"300\" height=\"102\" src=\"https:\/\/rednavegantes.com\/wp-content\/uploads\/2024\/10\/LOGOS-09-300x102.png\" class=\"attachment-medium size-medium wp-image-16011\" alt=\"\" srcset=\"https:\/\/rednavegantes.com\/wp-content\/uploads\/2024\/10\/LOGOS-09-300x102.png 300w, https:\/\/rednavegantes.com\/wp-content\/uploads\/2024\/10\/LOGOS-09-1024x349.png 1024w, https:\/\/rednavegantes.com\/wp-content\/uploads\/2024\/10\/LOGOS-09-768x262.png 768w, https:\/\/rednavegantes.com\/wp-content\/uploads\/2024\/10\/LOGOS-09-1536x523.png 1536w, https:\/\/rednavegantes.com\/wp-content\/uploads\/2024\/10\/LOGOS-09-2048x698.png 2048w\" sizes=\"(max-width: 300px) 100vw, 300px\" \/>\t\t\t\t\t\t\t\t\t\t\t\t\t\t\t<\/div>\n\t\t\t\t<\/div>\n\t\t\t\t<div class=\"elementor-element elementor-element-18afdc0 elementor-widget elementor-widget-text-editor\" data-id=\"18afdc0\" data-element_type=\"widget\" data-e-type=\"widget\" data-widget_type=\"text-editor.default\">\n\t\t\t\t<div class=\"elementor-widget-container\">\n\t\t\t\t\t\t\t\t\t<p>Nos especializamos en fundraising para ONGs. Promovemos propuestas innovadoras para la sociedad civil en as comunidades de Latinoam\u00e9rica.<\/p>\t\t\t\t\t\t\t\t<\/div>\n\t\t\t\t<\/div>\n\t\t\t\t<div class=\"elementor-element elementor-element-79b77d8 elementor-widget elementor-widget-button\" data-id=\"79b77d8\" data-element_type=\"widget\" data-e-type=\"widget\" data-widget_type=\"button.default\">\n\t\t\t\t<div class=\"elementor-widget-container\">\n\t\t\t\t\t\t\t\t\t<div class=\"elementor-button-wrapper\">\n\t\t\t\t\t<a class=\"elementor-button elementor-button-link elementor-size-sm\" href=\"http:\/\/www.agenciaproa.com\">\n\t\t\t\t\t\t<span class=\"elementor-button-content-wrapper\">\n\t\t\t\t\t\t\t\t\t<span class=\"elementor-button-text\">Conocenos<\/span>\n\t\t\t\t\t<\/span>\n\t\t\t\t\t<\/a>\n\t\t\t\t<\/div>\n\t\t\t\t\t\t\t\t<\/div>\n\t\t\t\t<\/div>\n\t\t\t\t<\/div>\n\t\t<div class=\"elementor-element elementor-element-2a86d3e e-con-full e-flex e-con e-child\" data-id=\"2a86d3e\" data-element_type=\"container\" data-e-type=\"container\" data-settings=\"{&quot;background_background&quot;:&quot;classic&quot;}\">\n\t\t\t\t<div class=\"elementor-element elementor-element-8c8dc30 elementor-widget elementor-widget-image\" data-id=\"8c8dc30\" data-element_type=\"widget\" data-e-type=\"widget\" data-widget_type=\"image.default\">\n\t\t\t\t<div class=\"elementor-widget-container\">\n\t\t\t\t\t\t\t\t\t\t\t\t\t\t\t<img decoding=\"async\" width=\"247\" height=\"138\" src=\"https:\/\/rednavegantes.com\/wp-content\/uploads\/2024\/10\/Prueba-Canoa-.png\" class=\"attachment-large size-large wp-image-16030\" alt=\"\" \/>\t\t\t\t\t\t\t\t\t\t\t\t\t\t\t<\/div>\n\t\t\t\t<\/div>\n\t\t\t\t<div class=\"elementor-element elementor-element-a463f86 elementor-widget elementor-widget-image\" data-id=\"a463f86\" data-element_type=\"widget\" data-e-type=\"widget\" data-widget_type=\"image.default\">\n\t\t\t\t<div class=\"elementor-widget-container\">\n\t\t\t\t\t\t\t\t\t\t\t\t\t\t\t<img loading=\"lazy\" decoding=\"async\" width=\"300\" height=\"215\" src=\"https:\/\/rednavegantes.com\/wp-content\/uploads\/2024\/10\/Logo-Canoa--300x215.png\" class=\"attachment-medium size-medium wp-image-16032\" alt=\"\" srcset=\"https:\/\/rednavegantes.com\/wp-content\/uploads\/2024\/10\/Logo-Canoa--300x215.png 300w, https:\/\/rednavegantes.com\/wp-content\/uploads\/2024\/10\/Logo-Canoa--1024x732.png 1024w, https:\/\/rednavegantes.com\/wp-content\/uploads\/2024\/10\/Logo-Canoa--768x549.png 768w, https:\/\/rednavegantes.com\/wp-content\/uploads\/2024\/10\/Logo-Canoa--1536x1098.png 1536w, https:\/\/rednavegantes.com\/wp-content\/uploads\/2024\/10\/Logo-Canoa-.png 2001w\" sizes=\"(max-width: 300px) 100vw, 300px\" \/>\t\t\t\t\t\t\t\t\t\t\t\t\t\t\t<\/div>\n\t\t\t\t<\/div>\n\t\t\t\t<div class=\"elementor-element elementor-element-d52c8c3 elementor-widget elementor-widget-text-editor\" data-id=\"d52c8c3\" data-element_type=\"widget\" data-e-type=\"widget\" data-widget_type=\"text-editor.default\">\n\t\t\t\t<div class=\"elementor-widget-container\">\n\t\t\t\t\t\t\t\t\t<p>Entendemos que cada causa es \u00fanica, y por lo tanto, personalizamos nuestras soluciones de comunicaci\u00f3n y fundraising para maximizar su impacto.<\/p>\t\t\t\t\t\t\t\t<\/div>\n\t\t\t\t<\/div>\n\t\t\t\t<div class=\"elementor-element elementor-element-db58869 elementor-widget elementor-widget-button\" data-id=\"db58869\" data-element_type=\"widget\" data-e-type=\"widget\" data-widget_type=\"button.default\">\n\t\t\t\t<div class=\"elementor-widget-container\">\n\t\t\t\t\t\t\t\t\t<div class=\"elementor-button-wrapper\">\n\t\t\t\t\t<a class=\"elementor-button elementor-button-link elementor-size-sm\" href=\"http:\/\/www.agenciacanoa.com.ar\">\n\t\t\t\t\t\t<span class=\"elementor-button-content-wrapper\">\n\t\t\t\t\t\t\t\t\t<span class=\"elementor-button-text\">Conocenos<\/span>\n\t\t\t\t\t<\/span>\n\t\t\t\t\t<\/a>\n\t\t\t\t<\/div>\n\t\t\t\t\t\t\t\t<\/div>\n\t\t\t\t<\/div>\n\t\t\t\t<\/div>\n\t\t<div class=\"elementor-element elementor-element-6d58dcd e-con-full e-flex e-con e-child\" data-id=\"6d58dcd\" data-element_type=\"container\" data-e-type=\"container\" data-settings=\"{&quot;background_background&quot;:&quot;classic&quot;}\">\n\t\t\t\t<div class=\"elementor-element elementor-element-3198bec elementor-widget elementor-widget-image\" data-id=\"3198bec\" data-element_type=\"widget\" data-e-type=\"widget\" data-widget_type=\"image.default\">\n\t\t\t\t<div class=\"elementor-widget-container\">\n\t\t\t\t\t\t\t\t\t\t\t\t\t\t\t<img loading=\"lazy\" decoding=\"async\" width=\"248\" height=\"138\" src=\"https:\/\/rednavegantes.com\/wp-content\/uploads\/2024\/10\/Prueba-Amura.png\" class=\"attachment-large size-large wp-image-16046\" alt=\"\" \/>\t\t\t\t\t\t\t\t\t\t\t\t\t\t\t<\/div>\n\t\t\t\t<\/div>\n\t\t\t\t<div class=\"elementor-element elementor-element-b5d33dd elementor-widget elementor-widget-image\" data-id=\"b5d33dd\" data-element_type=\"widget\" data-e-type=\"widget\" data-widget_type=\"image.default\">\n\t\t\t\t<div class=\"elementor-widget-container\">\n\t\t\t\t\t\t\t\t\t\t\t\t\t\t\t<img loading=\"lazy\" decoding=\"async\" width=\"300\" height=\"123\" src=\"https:\/\/rednavegantes.com\/wp-content\/uploads\/2024\/10\/amura-Opcion-2_Letras-blanco-H-02-300x123.png\" class=\"attachment-medium size-medium wp-image-16048\" alt=\"\" srcset=\"https:\/\/rednavegantes.com\/wp-content\/uploads\/2024\/10\/amura-Opcion-2_Letras-blanco-H-02-300x123.png 300w, https:\/\/rednavegantes.com\/wp-content\/uploads\/2024\/10\/amura-Opcion-2_Letras-blanco-H-02-1024x420.png 1024w, https:\/\/rednavegantes.com\/wp-content\/uploads\/2024\/10\/amura-Opcion-2_Letras-blanco-H-02-768x315.png 768w, https:\/\/rednavegantes.com\/wp-content\/uploads\/2024\/10\/amura-Opcion-2_Letras-blanco-H-02-1536x630.png 1536w, https:\/\/rednavegantes.com\/wp-content\/uploads\/2024\/10\/amura-Opcion-2_Letras-blanco-H-02-2048x840.png 2048w\" sizes=\"(max-width: 300px) 100vw, 300px\" \/>\t\t\t\t\t\t\t\t\t\t\t\t\t\t\t<\/div>\n\t\t\t\t<\/div>\n\t\t\t\t<div class=\"elementor-element elementor-element-7bc857f elementor-widget elementor-widget-text-editor\" data-id=\"7bc857f\" data-element_type=\"widget\" data-e-type=\"widget\" data-widget_type=\"text-editor.default\">\n\t\t\t\t<div class=\"elementor-widget-container\">\n\t\t\t\t\t\t\t\t\t<p>Dise\u00f1amos eventos que combinan diversi\u00f3n y prop\u00f3sito. A trav\u00e9s de la innovaci\u00f3n y la creatividad, inspiramos a las comunidades a contribuir al cambio<\/p>\t\t\t\t\t\t\t\t<\/div>\n\t\t\t\t<\/div>\n\t\t\t\t<div class=\"elementor-element elementor-element-432d2f1 elementor-widget elementor-widget-button\" data-id=\"432d2f1\" data-element_type=\"widget\" data-e-type=\"widget\" data-widget_type=\"button.default\">\n\t\t\t\t<div class=\"elementor-widget-container\">\n\t\t\t\t\t\t\t\t\t<div class=\"elementor-button-wrapper\">\n\t\t\t\t\t<a class=\"elementor-button elementor-button-link elementor-size-sm\" href=\"http:\/\/www.amuraeventos.com.ar\">\n\t\t\t\t\t\t<span class=\"elementor-button-content-wrapper\">\n\t\t\t\t\t\t\t\t\t<span class=\"elementor-button-text\">Conocenos<\/span>\n\t\t\t\t\t<\/span>\n\t\t\t\t\t<\/a>\n\t\t\t\t<\/div>\n\t\t\t\t\t\t\t\t<\/div>\n\t\t\t\t<\/div>\n\t\t\t\t<\/div>\n\t\t<div class=\"elementor-element elementor-element-70d88a7 e-con-full e-flex e-con e-child\" data-id=\"70d88a7\" data-element_type=\"container\" data-e-type=\"container\" data-settings=\"{&quot;background_background&quot;:&quot;classic&quot;}\">\n\t\t\t\t<div class=\"elementor-element elementor-element-9b5cb1c elementor-widget elementor-widget-image\" data-id=\"9b5cb1c\" data-element_type=\"widget\" data-e-type=\"widget\" data-widget_type=\"image.default\">\n\t\t\t\t<div class=\"elementor-widget-container\">\n\t\t\t\t\t\t\t\t\t\t\t\t\t\t\t<img loading=\"lazy\" decoding=\"async\" width=\"247\" height=\"138\" src=\"https:\/\/rednavegantes.com\/wp-content\/uploads\/2024\/10\/Prueba-Aporte-1-1.png\" class=\"attachment-large size-large wp-image-16053\" alt=\"\" \/>\t\t\t\t\t\t\t\t\t\t\t\t\t\t\t<\/div>\n\t\t\t\t<\/div>\n\t\t\t\t<div class=\"elementor-element elementor-element-c2a24a5 elementor-widget elementor-widget-image\" data-id=\"c2a24a5\" data-element_type=\"widget\" data-e-type=\"widget\" data-widget_type=\"image.default\">\n\t\t\t\t<div class=\"elementor-widget-container\">\n\t\t\t\t\t\t\t\t\t\t\t\t\t\t\t<img loading=\"lazy\" decoding=\"async\" width=\"300\" height=\"92\" src=\"https:\/\/rednavegantes.com\/wp-content\/uploads\/2024\/10\/Logos-aporte-23-300x92.png\" class=\"attachment-medium size-medium wp-image-16054\" alt=\"\" srcset=\"https:\/\/rednavegantes.com\/wp-content\/uploads\/2024\/10\/Logos-aporte-23-300x92.png 300w, https:\/\/rednavegantes.com\/wp-content\/uploads\/2024\/10\/Logos-aporte-23-1024x315.png 1024w, https:\/\/rednavegantes.com\/wp-content\/uploads\/2024\/10\/Logos-aporte-23-768x236.png 768w, https:\/\/rednavegantes.com\/wp-content\/uploads\/2024\/10\/Logos-aporte-23.png 1183w\" sizes=\"(max-width: 300px) 100vw, 300px\" \/>\t\t\t\t\t\t\t\t\t\t\t\t\t\t\t<\/div>\n\t\t\t\t<\/div>\n\t\t\t\t<div class=\"elementor-element elementor-element-d2f35f1 elementor-widget elementor-widget-text-editor\" data-id=\"d2f35f1\" data-element_type=\"widget\" data-e-type=\"widget\" data-widget_type=\"text-editor.default\">\n\t\t\t\t<div class=\"elementor-widget-container\">\n\t\t\t\t\t\t\t\t\t<p>Nos especializamos en la implementaci\u00f3n de campa\u00f1as de Di\u00e1logo Directo fomentamos el compromiso impulsando proyectos que impactan positivamente.<\/p>\t\t\t\t\t\t\t\t<\/div>\n\t\t\t\t<\/div>\n\t\t\t\t<div class=\"elementor-element elementor-element-6537ece elementor-widget elementor-widget-button\" data-id=\"6537ece\" data-element_type=\"widget\" data-e-type=\"widget\" data-widget_type=\"button.default\">\n\t\t\t\t<div class=\"elementor-widget-container\">\n\t\t\t\t\t\t\t\t\t<div class=\"elementor-button-wrapper\">\n\t\t\t\t\t<a class=\"elementor-button elementor-button-link elementor-size-sm\" href=\"http:\/\/www.aporte360.com.ar\">\n\t\t\t\t\t\t<span class=\"elementor-button-content-wrapper\">\n\t\t\t\t\t\t\t\t\t<span class=\"elementor-button-text\">Conocenos<\/span>\n\t\t\t\t\t<\/span>\n\t\t\t\t\t<\/a>\n\t\t\t\t<\/div>\n\t\t\t\t\t\t\t\t<\/div>\n\t\t\t\t<\/div>\n\t\t\t\t<\/div>\n\t\t\t\t\t<\/div>\n\t\t\t\t<\/div>\n\t\t\t\t<\/div>\n\t\t","protected":false},"excerpt":{"rendered":"<p>Abordamos nuestras causas con responsabilidad y compromiso, moldeamos nuestro cauce, adapt\u00e1ndonos, fluyendo con ellas y buscando siempre la mejor forma de llegar m\u00e1s lejos Donantes adquiridos + 0 k Fundraisers Activos + 0 Campa\u00f1as en ejecuci\u00f3n + 0 \u201cSi hay magia en este planeta, est\u00e1 contenida en el agua\u201d Loran Eisely Somos un grupo de [&hellip;]<\/p>\n","protected":false},"author":1,"featured_media":0,"parent":0,"menu_order":0,"comment_status":"closed","ping_status":"closed","template":"elementor_header_footer","meta":{"inline_featured_image":false,"footnotes":""},"class_list":["post-15445","page","type-page","status-publish","hentry"],"_links":{"self":[{"href":"https:\/\/rednavegantes.com\/index.php\/wp-json\/wp\/v2\/pages\/15445"}],"collection":[{"href":"https:\/\/rednavegantes.com\/index.php\/wp-json\/wp\/v2\/pages"}],"about":[{"href":"https:\/\/rednavegantes.com\/index.php\/wp-json\/wp\/v2\/types\/page"}],"author":[{"embeddable":true,"href":"https:\/\/rednavegantes.com\/index.php\/wp-json\/wp\/v2\/users\/1"}],"replies":[{"embeddable":true,"href":"https:\/\/rednavegantes.com\/index.php\/wp-json\/wp\/v2\/comments?post=15445"}],"version-history":[{"count":333,"href":"https:\/\/rednavegantes.com\/index.php\/wp-json\/wp\/v2\/pages\/15445\/revisions"}],"predecessor-version":[{"id":16110,"href":"https:\/\/rednavegantes.com\/index.php\/wp-json\/wp\/v2\/pages\/15445\/revisions\/16110"}],"wp:attachment":[{"href":"https:\/\/rednavegantes.com\/index.php\/wp-json\/wp\/v2\/media?parent=15445"}],"curies":[{"name":"wp","href":"https:\/\/api.w.org\/{rel}","templated":true}]}}